{"id":1949,"date":"2025-05-14T12:13:01","date_gmt":"2025-05-14T11:13:01","guid":{"rendered":"https:\/\/physens.de\/?page_id=1949"},"modified":"2025-07-04T16:50:16","modified_gmt":"2025-07-04T15:50:16","slug":"messtechnik","status":"publish","type":"page","link":"https:\/\/physens.de\/index.php\/messtechnik\/","title":{"rendered":"Messtechnik"},"content":{"rendered":"\t\t<div data-elementor-type=\"wp-page\" data-elementor-id=\"1949\" class=\"elementor elementor-1949\">\n\t\t\t\t\t\t<section class=\"elementor-section elementor-top-section elementor-element elementor-element-8f2e72e elementor-section-stretched elementor-section-boxed elementor-section-height-default elementor-section-height-default\" data-id=\"8f2e72e\" data-element_type=\"section\" data-settings=\"{&quot;stretch_section&quot;:&quot;section-stretched&quot;}\">\n\t\t\t\t\t\t<div class=\"elementor-container elementor-column-gap-default\">\n\t\t\t\t\t<div class=\"elementor-column elementor-col-100 elementor-top-column elementor-element elementor-element-2110511\" data-id=\"2110511\" data-element_type=\"column\">\n\t\t\t<div class=\"elementor-widget-wrap elementor-element-populated\">\n\t\t\t\t\t\t<div class=\"elementor-element elementor-element-7e2f9fa elementor-hidden-tablet elementor-hidden-phone elementor-widget elementor-widget-spacer\" data-id=\"7e2f9fa\" data-element_type=\"widget\" data-widget_type=\"spacer.default\">\n\t\t\t\t<div class=\"elementor-widget-container\">\n\t\t\t\t\t\t\t<div class=\"elementor-spacer\">\n\t\t\t<div class=\"elementor-spacer-inner\"><\/div>\n\t\t<\/div>\n\t\t\t\t\t\t<\/div>\n\t\t\t\t<\/div>\n\t\t\t\t\t<\/div>\n\t\t<\/div>\n\t\t\t\t\t<\/div>\n\t\t<\/section>\n\t\t\t\t<section class=\"elementor-section elementor-top-section elementor-element elementor-element-d173b22 elementor-section-content-middle elementor-section-stretched elementor-section-boxed elementor-section-height-default elementor-section-height-default\" data-id=\"d173b22\" data-element_type=\"section\" data-settings=\"{&quot;stretch_section&quot;:&quot;section-stretched&quot;}\">\n\t\t\t\t\t\t<div class=\"elementor-container elementor-column-gap-default\">\n\t\t\t\t\t<div class=\"elementor-column elementor-col-100 elementor-top-column elementor-element elementor-element-a780b5a\" data-id=\"a780b5a\" data-element_type=\"column\">\n\t\t\t<div class=\"elementor-widget-wrap elementor-element-populated\">\n\t\t\t\t\t\t<section class=\"elementor-section elementor-inner-section elementor-element elementor-element-9285788 elementor-section-content-middle elementor-section-boxed elementor-section-height-default elementor-section-height-default\" data-id=\"9285788\" data-element_type=\"section\">\n\t\t\t\t\t\t<div class=\"elementor-container elementor-column-gap-default\">\n\t\t\t\t\t<div class=\"elementor-column elementor-col-50 elementor-inner-column elementor-element elementor-element-38b5262\" data-id=\"38b5262\" data-element_type=\"column\">\n\t\t\t<div class=\"elementor-widget-wrap elementor-element-populated\">\n\t\t\t\t\t\t<div class=\"elementor-element elementor-element-dd2e48c elementor-widget elementor-widget-heading\" data-id=\"dd2e48c\" data-element_type=\"widget\" data-widget_type=\"heading.default\">\n\t\t\t\t<div class=\"elementor-widget-container\">\n\t\t\t\t\t<h2 class=\"elementor-heading-title elementor-size-large\">Messtechnik und Sensorl\u00f6sungen<\/h2>\t\t\t\t<\/div>\n\t\t\t\t<\/div>\n\t\t\t\t<div class=\"elementor-element elementor-element-8f12ec1 elementor-widget elementor-widget-text-editor\" data-id=\"8f12ec1\" data-element_type=\"widget\" data-widget_type=\"text-editor.default\">\n\t\t\t\t<div class=\"elementor-widget-container\">\n\t\t\t\t\t\t\t\t\t<h4>Basierend auf jahrelanger Erfahrung mit Messtechnik und Datenanalyse entwickeln und bauen wir verschiedene kundenspezifische Sensorl\u00f6sungen f\u00fcr wissenschaftliche und industrielle Messzwecke. Dabei liegt unser Fokus nicht nur auf der eigentlichen Sensorik, sondern auch auf zugeh\u00f6rigen Softwarel\u00f6sungen zur Auswertung, Visualisierung und Prozessteuerung.<br \/>Neben Magnetfeldsensorik entwickeln wir insbesondere intelligente IoT Sensorik z.B. zur Temperaturmessung oder f\u00fcr die Energiemesstechnik. Gerne finden wir eine individuelle L\u00f6sung f\u00fcr Ihr Problem und freuen uns auf Ihre Anfrage.<\/h4>\t\t\t\t\t\t\t\t<\/div>\n\t\t\t\t<\/div>\n\t\t\t\t\t<\/div>\n\t\t<\/div>\n\t\t\t\t<div class=\"elementor-column elementor-col-50 elementor-inner-column elementor-element elementor-element-bf48082\" data-id=\"bf48082\" data-element_type=\"column\">\n\t\t\t<div class=\"elementor-widget-wrap elementor-element-populated\">\n\t\t\t\t\t\t<div class=\"elementor-element elementor-element-b861c59 elementor-widget elementor-widget-image\" data-id=\"b861c59\" data-element_type=\"widget\" data-widget_type=\"image.default\">\n\t\t\t\t<div class=\"elementor-widget-container\">\n\t\t\t\t\t\t\t\t\t\t\t\t\t\t\t<img fetchpriority=\"high\" decoding=\"async\" width=\"720\" height=\"319\" src=\"https:\/\/physens.de\/wp-content\/uploads\/2021\/02\/Mainboard-scaled-e1613164504940-1024x453.jpg\" class=\"attachment-large size-large wp-image-603\" alt=\"\" srcset=\"https:\/\/physens.de\/wp-content\/uploads\/2021\/02\/Mainboard-scaled-e1613164504940-1024x453.jpg 1024w, https:\/\/physens.de\/wp-content\/uploads\/2021\/02\/Mainboard-scaled-e1613164504940-300x133.jpg 300w, https:\/\/physens.de\/wp-content\/uploads\/2021\/02\/Mainboard-scaled-e1613164504940-768x340.jpg 768w, https:\/\/physens.de\/wp-content\/uploads\/2021\/02\/Mainboard-scaled-e1613164504940-1536x679.jpg 1536w, https:\/\/physens.de\/wp-content\/uploads\/2021\/02\/Mainboard-scaled-e1613164504940-2048x906.jpg 2048w\" sizes=\"(max-width: 720px) 100vw, 720px\" \/>\t\t\t\t\t\t\t\t\t\t\t\t\t\t\t<\/div>\n\t\t\t\t<\/div>\n\t\t\t\t\t<\/div>\n\t\t<\/div>\n\t\t\t\t\t<\/div>\n\t\t<\/section>\n\t\t\t\t<div class=\"elementor-element elementor-element-3b2126e elementor-widget elementor-widget-spacer\" data-id=\"3b2126e\" data-element_type=\"widget\" data-widget_type=\"spacer.default\">\n\t\t\t\t<div class=\"elementor-widget-container\">\n\t\t\t\t\t\t\t<div class=\"elementor-spacer\">\n\t\t\t<div class=\"elementor-spacer-inner\"><\/div>\n\t\t<\/div>\n\t\t\t\t\t\t<\/div>\n\t\t\t\t<\/div>\n\t\t\t\t\t<\/div>\n\t\t<\/div>\n\t\t\t\t\t<\/div>\n\t\t<\/section>\n\t\t\t\t<section class=\"elementor-section elementor-top-section elementor-element elementor-element-6d1566f elementor-section-content-middle elementor-section-stretched elementor-section-boxed elementor-section-height-default elementor-section-height-default\" data-id=\"6d1566f\" data-element_type=\"section\" id=\"Referenz\" data-settings=\"{&quot;stretch_section&quot;:&quot;section-stretched&quot;,&quot;background_background&quot;:&quot;classic&quot;}\">\n\t\t\t\t\t\t<div class=\"elementor-container elementor-column-gap-default\">\n\t\t\t\t\t<div class=\"elementor-column elementor-col-100 elementor-top-column elementor-element elementor-element-9c0306b\" data-id=\"9c0306b\" data-element_type=\"column\">\n\t\t\t<div class=\"elementor-widget-wrap elementor-element-populated\">\n\t\t\t\t\t\t<div class=\"elementor-element elementor-element-d7fadfd elementor-widget elementor-widget-spacer\" data-id=\"d7fadfd\" data-element_type=\"widget\" data-widget_type=\"spacer.default\">\n\t\t\t\t<div class=\"elementor-widget-container\">\n\t\t\t\t\t\t\t<div class=\"elementor-spacer\">\n\t\t\t<div class=\"elementor-spacer-inner\"><\/div>\n\t\t<\/div>\n\t\t\t\t\t\t<\/div>\n\t\t\t\t<\/div>\n\t\t\t\t<div class=\"elementor-element elementor-element-935a781 elementor-widget elementor-widget-heading\" data-id=\"935a781\" data-element_type=\"widget\" data-widget_type=\"heading.default\">\n\t\t\t\t<div class=\"elementor-widget-container\">\n\t\t\t\t\t<h2 class=\"elementor-heading-title elementor-size-large\">Referenzprojekt: 3D Magnetic Imaging mit dem Universit\u00e4tsklinikum HH-Eppendorf<\/h2>\t\t\t\t<\/div>\n\t\t\t\t<\/div>\n\t\t\t\t<section class=\"elementor-section elementor-inner-section elementor-element elementor-element-e259195 elementor-section-boxed elementor-section-height-default elementor-section-height-default\" data-id=\"e259195\" data-element_type=\"section\">\n\t\t\t\t\t\t<div class=\"elementor-container elementor-column-gap-default\">\n\t\t\t\t\t<div class=\"elementor-column elementor-col-50 elementor-inner-column elementor-element elementor-element-6ce20a8\" data-id=\"6ce20a8\" data-element_type=\"column\">\n\t\t\t<div class=\"elementor-widget-wrap elementor-element-populated\">\n\t\t\t\t\t\t<div class=\"elementor-element elementor-element-0556ee1 elementor-widget__width-initial elementor-widget elementor-widget-image\" data-id=\"0556ee1\" data-element_type=\"widget\" data-widget_type=\"image.default\">\n\t\t\t\t<div class=\"elementor-widget-container\">\n\t\t\t\t\t\t\t\t\t\t\t\t\t\t\t<img decoding=\"async\" width=\"720\" height=\"575\" src=\"https:\/\/physens.de\/wp-content\/uploads\/2025\/05\/DSC00049_Crop-1024x818.jpg\" class=\"attachment-large size-large wp-image-2033\" alt=\"\" srcset=\"https:\/\/physens.de\/wp-content\/uploads\/2025\/05\/DSC00049_Crop-1024x818.jpg 1024w, https:\/\/physens.de\/wp-content\/uploads\/2025\/05\/DSC00049_Crop-300x240.jpg 300w, https:\/\/physens.de\/wp-content\/uploads\/2025\/05\/DSC00049_Crop-768x614.jpg 768w, https:\/\/physens.de\/wp-content\/uploads\/2025\/05\/DSC00049_Crop-1536x1228.jpg 1536w, https:\/\/physens.de\/wp-content\/uploads\/2025\/05\/DSC00049_Crop-2048x1637.jpg 2048w, https:\/\/physens.de\/wp-content\/uploads\/2025\/05\/DSC00049_Crop-15x12.jpg 15w\" sizes=\"(max-width: 720px) 100vw, 720px\" \/>\t\t\t\t\t\t\t\t\t\t\t\t\t\t\t<\/div>\n\t\t\t\t<\/div>\n\t\t\t\t\t<\/div>\n\t\t<\/div>\n\t\t\t\t<div class=\"elementor-column elementor-col-50 elementor-inner-column elementor-element elementor-element-4ddbe0b\" data-id=\"4ddbe0b\" data-element_type=\"column\">\n\t\t\t<div class=\"elementor-widget-wrap elementor-element-populated\">\n\t\t\t\t\t\t<div class=\"elementor-element elementor-element-b0178c8 elementor-widget__width-initial elementor-widget elementor-widget-text-editor\" data-id=\"b0178c8\" data-element_type=\"widget\" data-widget_type=\"text-editor.default\">\n\t\t\t\t<div class=\"elementor-widget-container\">\n\t\t\t\t\t\t\t\t\t<h4>Referenzprojekte haben wir u.a. mit dem Universit\u00e4tsklinikum HH-Eppendorf und dem Institut f\u00fcr Biomedizinische Bildgebung (IBI) der Technischen Universit\u00e4t Hamburg durchgef\u00fchrt. F\u00fcr das MagSphere-Projekte haben wir ein Magnetometer-Array entwickelt, dass f\u00fcr die besonderen Rahmenbedingungen in der Krebsforschung geeignet ist. Mehr Informationen finden Sie dazu <a href=\"https:\/\/www.researchgate.net\/publication\/389648553_Real-Time_3D_Magnetic_Field_Camera_for_a_Spherical_Volume\">hier<\/a>.<\/h4>\t\t\t\t\t\t\t\t<\/div>\n\t\t\t\t<\/div>\n\t\t\t\t\t<\/div>\n\t\t<\/div>\n\t\t\t\t\t<\/div>\n\t\t<\/section>\n\t\t\t\t<div class=\"elementor-element elementor-element-2e4f684 elementor-widget elementor-widget-spacer\" data-id=\"2e4f684\" data-element_type=\"widget\" data-widget_type=\"spacer.default\">\n\t\t\t\t<div class=\"elementor-widget-container\">\n\t\t\t\t\t\t\t<div class=\"elementor-spacer\">\n\t\t\t<div class=\"elementor-spacer-inner\"><\/div>\n\t\t<\/div>\n\t\t\t\t\t\t<\/div>\n\t\t\t\t<\/div>\n\t\t\t\t\t<\/div>\n\t\t<\/div>\n\t\t\t\t\t<\/div>\n\t\t<\/section>\n\t\t\t\t<\/div>\n\t\t","protected":false},"excerpt":{"rendered":"<p>Messtechnik und Sensorl\u00f6sungen Basierend auf jahrelanger Erfahrung mit Messtechnik und Datenanalyse entwickeln und bauen wir verschiedene kundenspezifische Sensorl\u00f6sungen f\u00fcr wissenschaftliche und industrielle Messzwecke. Dabei liegt unser Fokus nicht nur auf der eigentlichen Sensorik, sondern auch auf zugeh\u00f6rigen Softwarel\u00f6sungen zur Auswertung, Visualisierung und Prozessteuerung.Neben Magnetfeldsensorik entwickeln wir insbesondere intelligente IoT Sensorik z.B. zur Temperaturmessung oder f\u00fcr [&hellip;]<\/p>\n","protected":false},"author":5,"featured_media":0,"parent":0,"menu_order":0,"comment_status":"closed","ping_status":"closed","template":"","meta":{"footnotes":""},"class_list":["post-1949","page","type-page","status-publish","hentry","post"],"_links":{"self":[{"href":"https:\/\/physens.de\/index.php\/wp-json\/wp\/v2\/pages\/1949","targetHints":{"allow":["GET"]}}],"collection":[{"href":"https:\/\/physens.de\/index.php\/wp-json\/wp\/v2\/pages"}],"about":[{"href":"https:\/\/physens.de\/index.php\/wp-json\/wp\/v2\/types\/page"}],"author":[{"embeddable":true,"href":"https:\/\/physens.de\/index.php\/wp-json\/wp\/v2\/users\/5"}],"replies":[{"embeddable":true,"href":"https:\/\/physens.de\/index.php\/wp-json\/wp\/v2\/comments?post=1949"}],"version-history":[{"count":22,"href":"https:\/\/physens.de\/index.php\/wp-json\/wp\/v2\/pages\/1949\/revisions"}],"predecessor-version":[{"id":2086,"href":"https:\/\/physens.de\/index.php\/wp-json\/wp\/v2\/pages\/1949\/revisions\/2086"}],"wp:attachment":[{"href":"https:\/\/physens.de\/index.php\/wp-json\/wp\/v2\/media?parent=1949"}],"curies":[{"name":"wp","href":"https:\/\/api.w.org\/{rel}","templated":true}]}}