{"id":1953,"date":"2025-05-14T12:24:23","date_gmt":"2025-05-14T11:24:23","guid":{"rendered":"https:\/\/physens.de\/?page_id=1953"},"modified":"2025-06-27T10:52:12","modified_gmt":"2025-06-27T09:52:12","slug":"mess-steuerungs-und-regelungstechnik","status":"publish","type":"page","link":"https:\/\/physens.de\/index.php\/mess-steuerungs-und-regelungstechnik\/","title":{"rendered":"Mess-, Steuerungs und Regelungstechnik"},"content":{"rendered":"\t\t<div data-elementor-type=\"wp-page\" data-elementor-id=\"1953\" class=\"elementor elementor-1953\">\n\t\t\t\t\t\t<section class=\"elementor-section elementor-top-section elementor-element elementor-element-d4fd21f elementor-section-content-middle elementor-section-stretched elementor-section-boxed elementor-section-height-default elementor-section-height-default\" data-id=\"d4fd21f\" data-element_type=\"section\" data-settings=\"{&quot;stretch_section&quot;:&quot;section-stretched&quot;,&quot;background_background&quot;:&quot;classic&quot;}\">\n\t\t\t\t\t\t<div class=\"elementor-container elementor-column-gap-default\">\n\t\t\t\t\t<div class=\"elementor-column elementor-col-100 elementor-top-column elementor-element elementor-element-4a0569e\" data-id=\"4a0569e\" data-element_type=\"column\">\n\t\t\t<div class=\"elementor-widget-wrap elementor-element-populated\">\n\t\t\t\t\t\t<div class=\"elementor-element elementor-element-92e8af1 elementor-widget elementor-widget-spacer\" data-id=\"92e8af1\" data-element_type=\"widget\" data-widget_type=\"spacer.default\">\n\t\t\t\t<div class=\"elementor-widget-container\">\n\t\t\t\t\t\t\t<div class=\"elementor-spacer\">\n\t\t\t<div class=\"elementor-spacer-inner\"><\/div>\n\t\t<\/div>\n\t\t\t\t\t\t<\/div>\n\t\t\t\t<\/div>\n\t\t\t\t<section class=\"elementor-section elementor-inner-section elementor-element elementor-element-d649026 elementor-section-boxed elementor-section-height-default elementor-section-height-default\" data-id=\"d649026\" data-element_type=\"section\">\n\t\t\t\t\t\t<div class=\"elementor-container elementor-column-gap-default\">\n\t\t\t\t\t<div class=\"elementor-column elementor-col-50 elementor-inner-column elementor-element elementor-element-fc8bd29\" data-id=\"fc8bd29\" data-element_type=\"column\">\n\t\t\t<div class=\"elementor-widget-wrap elementor-element-populated\">\n\t\t\t\t\t\t<div class=\"elementor-element elementor-element-74e8bf0 elementor-widget__width-initial elementor-widget elementor-widget-image\" data-id=\"74e8bf0\" data-element_type=\"widget\" data-widget_type=\"image.default\">\n\t\t\t\t<div class=\"elementor-widget-container\">\n\t\t\t\t\t\t\t\t\t\t\t\t\t\t\t<img fetchpriority=\"high\" decoding=\"async\" width=\"720\" height=\"738\" src=\"https:\/\/physens.de\/wp-content\/uploads\/2025\/06\/PXL_20250317_175614900-scaled-e1759317913427-999x1024.jpg\" class=\"attachment-large size-large wp-image-2041\" alt=\"\" srcset=\"https:\/\/physens.de\/wp-content\/uploads\/2025\/06\/PXL_20250317_175614900-scaled-e1759317913427-999x1024.jpg 999w, https:\/\/physens.de\/wp-content\/uploads\/2025\/06\/PXL_20250317_175614900-scaled-e1759317913427-293x300.jpg 293w, https:\/\/physens.de\/wp-content\/uploads\/2025\/06\/PXL_20250317_175614900-scaled-e1759317913427-768x787.jpg 768w, https:\/\/physens.de\/wp-content\/uploads\/2025\/06\/PXL_20250317_175614900-scaled-e1759317913427-1498x1536.jpg 1498w, https:\/\/physens.de\/wp-content\/uploads\/2025\/06\/PXL_20250317_175614900-scaled-e1759317913427-12x12.jpg 12w, https:\/\/physens.de\/wp-content\/uploads\/2025\/06\/PXL_20250317_175614900-scaled-e1759317913427.jpg 1980w\" sizes=\"(max-width: 720px) 100vw, 720px\" \/>\t\t\t\t\t\t\t\t\t\t\t\t\t\t\t<\/div>\n\t\t\t\t<\/div>\n\t\t\t\t\t<\/div>\n\t\t<\/div>\n\t\t\t\t<div class=\"elementor-column elementor-col-50 elementor-inner-column elementor-element elementor-element-a5f25f8\" data-id=\"a5f25f8\" data-element_type=\"column\">\n\t\t\t<div class=\"elementor-widget-wrap elementor-element-populated\">\n\t\t\t\t\t\t<div class=\"elementor-element elementor-element-d3943b9 elementor-widget elementor-widget-heading\" data-id=\"d3943b9\" data-element_type=\"widget\" data-widget_type=\"heading.default\">\n\t\t\t\t<div class=\"elementor-widget-container\">\n\t\t\t\t\t<h2 class=\"elementor-heading-title elementor-size-default\">Mess-, Steuerungs -und Regelungstechnik - durchdacht von Anfang an<\/h2>\t\t\t\t<\/div>\n\t\t\t\t<\/div>\n\t\t\t\t<div class=\"elementor-element elementor-element-8a7c36e elementor-widget__width-initial elementor-widget elementor-widget-text-editor\" data-id=\"8a7c36e\" data-element_type=\"widget\" data-widget_type=\"text-editor.default\">\n\t\t\t\t<div class=\"elementor-widget-container\">\n\t\t\t\t\t\t\t\t\t<h4>Wir bieten ma\u00dfgeschneiderte L\u00f6sungen im Bereich Mess-, Steuerungs- und Regelungstechnik mit besonderem Fokus auf die Konzeption moderner Messtechnik. Ob Eigenentwicklung oder Auswahl am Markt \u2013 wir finden die passende L\u00f6sung f\u00fcr Ihre Anforderungen. Unsere St\u00e4rke liegt in der Kombination aus technischer Erfahrung, qualifiziertem Einkauf und tiefem Branchenverst\u00e4ndnis. So entstehen effiziente und zuverl\u00e4ssige Systeme, die genau das messen, was f\u00fcr Sie z\u00e4hlt.<\/h4>\t\t\t\t\t\t\t\t<\/div>\n\t\t\t\t<\/div>\n\t\t\t\t\t<\/div>\n\t\t<\/div>\n\t\t\t\t\t<\/div>\n\t\t<\/section>\n\t\t\t\t<div class=\"elementor-element elementor-element-4329216 elementor-widget elementor-widget-spacer\" data-id=\"4329216\" data-element_type=\"widget\" data-widget_type=\"spacer.default\">\n\t\t\t\t<div class=\"elementor-widget-container\">\n\t\t\t\t\t\t\t<div class=\"elementor-spacer\">\n\t\t\t<div class=\"elementor-spacer-inner\"><\/div>\n\t\t<\/div>\n\t\t\t\t\t\t<\/div>\n\t\t\t\t<\/div>\n\t\t\t\t\t<\/div>\n\t\t<\/div>\n\t\t\t\t\t<\/div>\n\t\t<\/section>\n\t\t\t\t<section class=\"elementor-section elementor-top-section elementor-element elementor-element-0c74de5 elementor-section-content-middle elementor-section-stretched elementor-section-boxed elementor-section-height-default elementor-section-height-default\" data-id=\"0c74de5\" data-element_type=\"section\" data-settings=\"{&quot;stretch_section&quot;:&quot;section-stretched&quot;,&quot;background_background&quot;:&quot;classic&quot;}\">\n\t\t\t\t\t\t<div class=\"elementor-container elementor-column-gap-default\">\n\t\t\t\t\t<div class=\"elementor-column elementor-col-100 elementor-top-column elementor-element elementor-element-eb421ea\" data-id=\"eb421ea\" data-element_type=\"column\">\n\t\t\t<div class=\"elementor-widget-wrap elementor-element-populated\">\n\t\t\t\t\t\t<div class=\"elementor-element elementor-element-a79ee4f elementor-widget elementor-widget-spacer\" data-id=\"a79ee4f\" data-element_type=\"widget\" data-widget_type=\"spacer.default\">\n\t\t\t\t<div class=\"elementor-widget-container\">\n\t\t\t\t\t\t\t<div class=\"elementor-spacer\">\n\t\t\t<div class=\"elementor-spacer-inner\"><\/div>\n\t\t<\/div>\n\t\t\t\t\t\t<\/div>\n\t\t\t\t<\/div>\n\t\t\t\t<div class=\"elementor-element elementor-element-295398d elementor-widget elementor-widget-heading\" data-id=\"295398d\" data-element_type=\"widget\" data-widget_type=\"heading.default\">\n\t\t\t\t<div class=\"elementor-widget-container\">\n\t\t\t\t\t<h2 class=\"elementor-heading-title elementor-size-default\">Sicherheitskritische Steuerungstechnik im Fokus<\/h2>\t\t\t\t<\/div>\n\t\t\t\t<\/div>\n\t\t\t\t<div class=\"elementor-element elementor-element-006737a elementor-widget__width-initial elementor-widget elementor-widget-text-editor\" data-id=\"006737a\" data-element_type=\"widget\" data-widget_type=\"text-editor.default\">\n\t\t\t\t<div class=\"elementor-widget-container\">\n\t\t\t\t\t\t\t\t\t<h4>Bei sicherheitskritischen Anwendungen setzen wir auf h\u00f6chste Standards. Unsere Steuerungsl\u00f6sungen erf\u00fcllen g\u00e4ngige Sicherheitsanforderungen und werden individuell auf Ihre Prozesse abgestimmt \u2013 f\u00fcr maximale Zuverl\u00e4ssigkeit im laufenden Betrieb. Wir bieten die Entwicklung sicherheitsrelevanter Systeme bis SIL2 an \u2013 f\u00fcr Anwendungen, bei denen es auf jedes Detail ankommt.<\/h4>\t\t\t\t\t\t\t\t<\/div>\n\t\t\t\t<\/div>\n\t\t\t\t<div class=\"elementor-element elementor-element-a86f255 elementor-widget elementor-widget-spacer\" data-id=\"a86f255\" data-element_type=\"widget\" data-widget_type=\"spacer.default\">\n\t\t\t\t<div class=\"elementor-widget-container\">\n\t\t\t\t\t\t\t<div class=\"elementor-spacer\">\n\t\t\t<div class=\"elementor-spacer-inner\"><\/div>\n\t\t<\/div>\n\t\t\t\t\t\t<\/div>\n\t\t\t\t<\/div>\n\t\t\t\t\t<\/div>\n\t\t<\/div>\n\t\t\t\t\t<\/div>\n\t\t<\/section>\n\t\t\t\t<section class=\"elementor-section elementor-top-section elementor-element elementor-element-95f15f8 elementor-section-content-middle elementor-section-stretched elementor-section-boxed elementor-section-height-default elementor-section-height-default\" data-id=\"95f15f8\" data-element_type=\"section\" data-settings=\"{&quot;stretch_section&quot;:&quot;section-stretched&quot;,&quot;background_background&quot;:&quot;classic&quot;}\">\n\t\t\t\t\t\t<div class=\"elementor-container elementor-column-gap-default\">\n\t\t\t\t\t<div class=\"elementor-column elementor-col-100 elementor-top-column elementor-element elementor-element-b067418\" data-id=\"b067418\" data-element_type=\"column\">\n\t\t\t<div class=\"elementor-widget-wrap elementor-element-populated\">\n\t\t\t\t\t\t<div class=\"elementor-element elementor-element-36f3336 elementor-widget elementor-widget-spacer\" data-id=\"36f3336\" data-element_type=\"widget\" data-widget_type=\"spacer.default\">\n\t\t\t\t<div class=\"elementor-widget-container\">\n\t\t\t\t\t\t\t<div class=\"elementor-spacer\">\n\t\t\t<div class=\"elementor-spacer-inner\"><\/div>\n\t\t<\/div>\n\t\t\t\t\t\t<\/div>\n\t\t\t\t<\/div>\n\t\t\t\t<section class=\"elementor-section elementor-inner-section elementor-element elementor-element-845f874 elementor-section-boxed elementor-section-height-default elementor-section-height-default\" data-id=\"845f874\" data-element_type=\"section\">\n\t\t\t\t\t\t<div class=\"elementor-container elementor-column-gap-default\">\n\t\t\t\t\t<div class=\"elementor-column elementor-col-50 elementor-inner-column elementor-element elementor-element-1081964\" data-id=\"1081964\" data-element_type=\"column\">\n\t\t\t<div class=\"elementor-widget-wrap elementor-element-populated\">\n\t\t\t\t\t\t<div class=\"elementor-element elementor-element-480ab36 elementor-widget elementor-widget-heading\" data-id=\"480ab36\" data-element_type=\"widget\" data-widget_type=\"heading.default\">\n\t\t\t\t<div class=\"elementor-widget-container\">\n\t\t\t\t\t<h2 class=\"elementor-heading-title elementor-size-default\">F\u00fcr Ihr Problem, wo die L\u00f6sung von der Stange nicht mehr reicht<\/h2>\t\t\t\t<\/div>\n\t\t\t\t<\/div>\n\t\t\t\t<div class=\"elementor-element elementor-element-cc08e44 elementor-widget__width-initial elementor-widget elementor-widget-text-editor\" data-id=\"cc08e44\" data-element_type=\"widget\" data-widget_type=\"text-editor.default\">\n\t\t\t\t<div class=\"elementor-widget-container\">\n\t\t\t\t\t\t\t\t\t<h4>Standardl\u00f6sungen sto\u00dfen an ihre Grenzen \u2013 wir setzen dort an, wo individuelle Anforderungen besondere Herangehensweisen erfordern. Mit ma\u00dfgeschneiderten Systemen entwickeln wir L\u00f6sungen, die exakt auf Ihre spezifischen Gegebenheiten abgestimmt sind.<\/h4>\t\t\t\t\t\t\t\t<\/div>\n\t\t\t\t<\/div>\n\t\t\t\t\t<\/div>\n\t\t<\/div>\n\t\t\t\t<div class=\"elementor-column elementor-col-50 elementor-inner-column elementor-element elementor-element-14c9322\" data-id=\"14c9322\" data-element_type=\"column\">\n\t\t\t<div class=\"elementor-widget-wrap elementor-element-populated\">\n\t\t\t\t\t\t<div class=\"elementor-element elementor-element-afd2af9 elementor-widget__width-initial elementor-widget elementor-widget-image\" data-id=\"afd2af9\" data-element_type=\"widget\" data-widget_type=\"image.default\">\n\t\t\t\t<div class=\"elementor-widget-container\">\n\t\t\t\t\t\t\t\t\t\t\t\t\t\t\t<img decoding=\"async\" width=\"480\" height=\"360\" src=\"https:\/\/physens.de\/wp-content\/uploads\/2025\/05\/thumb-PXL_20231130_143525647.NIGHT_.jpg\" class=\"attachment-large size-large wp-image-1964\" alt=\"\" srcset=\"https:\/\/physens.de\/wp-content\/uploads\/2025\/05\/thumb-PXL_20231130_143525647.NIGHT_.jpg 480w, https:\/\/physens.de\/wp-content\/uploads\/2025\/05\/thumb-PXL_20231130_143525647.NIGHT_-300x225.jpg 300w, https:\/\/physens.de\/wp-content\/uploads\/2025\/05\/thumb-PXL_20231130_143525647.NIGHT_-16x12.jpg 16w\" sizes=\"(max-width: 480px) 100vw, 480px\" \/>\t\t\t\t\t\t\t\t\t\t\t\t\t\t\t<\/div>\n\t\t\t\t<\/div>\n\t\t\t\t\t<\/div>\n\t\t<\/div>\n\t\t\t\t\t<\/div>\n\t\t<\/section>\n\t\t\t\t<div class=\"elementor-element elementor-element-208d332 elementor-widget elementor-widget-spacer\" data-id=\"208d332\" data-element_type=\"widget\" data-widget_type=\"spacer.default\">\n\t\t\t\t<div class=\"elementor-widget-container\">\n\t\t\t\t\t\t\t<div class=\"elementor-spacer\">\n\t\t\t<div class=\"elementor-spacer-inner\"><\/div>\n\t\t<\/div>\n\t\t\t\t\t\t<\/div>\n\t\t\t\t<\/div>\n\t\t\t\t\t<\/div>\n\t\t<\/div>\n\t\t\t\t\t<\/div>\n\t\t<\/section>\n\t\t\t\t<section class=\"elementor-section elementor-top-section elementor-element elementor-element-50578db elementor-section-content-middle elementor-section-stretched elementor-section-boxed elementor-section-height-default elementor-section-height-default\" data-id=\"50578db\" data-element_type=\"section\" data-settings=\"{&quot;stretch_section&quot;:&quot;section-stretched&quot;,&quot;background_background&quot;:&quot;classic&quot;}\">\n\t\t\t\t\t\t<div class=\"elementor-container elementor-column-gap-default\">\n\t\t\t\t\t<div class=\"elementor-column elementor-col-100 elementor-top-column elementor-element elementor-element-7e9fed1\" data-id=\"7e9fed1\" data-element_type=\"column\">\n\t\t\t<div class=\"elementor-widget-wrap elementor-element-populated\">\n\t\t\t\t\t\t<div class=\"elementor-element elementor-element-57fcbb9 elementor-widget elementor-widget-spacer\" data-id=\"57fcbb9\" data-element_type=\"widget\" data-widget_type=\"spacer.default\">\n\t\t\t\t<div class=\"elementor-widget-container\">\n\t\t\t\t\t\t\t<div class=\"elementor-spacer\">\n\t\t\t<div class=\"elementor-spacer-inner\"><\/div>\n\t\t<\/div>\n\t\t\t\t\t\t<\/div>\n\t\t\t\t<\/div>\n\t\t\t\t<div class=\"elementor-element elementor-element-89089f1 elementor-widget elementor-widget-heading\" data-id=\"89089f1\" data-element_type=\"widget\" data-widget_type=\"heading.default\">\n\t\t\t\t<div class=\"elementor-widget-container\">\n\t\t\t\t\t<h2 class=\"elementor-heading-title elementor-size-default\">Komplettl\u00f6sungen aus einer Hand<\/h2>\t\t\t\t<\/div>\n\t\t\t\t<\/div>\n\t\t\t\t<div class=\"elementor-element elementor-element-43fa096 elementor-widget__width-initial elementor-widget elementor-widget-text-editor\" data-id=\"43fa096\" data-element_type=\"widget\" data-widget_type=\"text-editor.default\">\n\t\t\t\t<div class=\"elementor-widget-container\">\n\t\t\t\t\t\t\t\t\t<h4>Von der ersten Idee bis zum laufenden Betrieb bieten wir Ihnen eine vollst\u00e4ndige Projektabwicklung:<br \/>Konzeption, qualifizierter Einkauf, Umsetzung und Wartung \u2013 alles aus einer Hand. So garantieren wir durchg\u00e4ngige Qualit\u00e4t, effiziente Prozesse und h\u00f6chste Zuverl\u00e4ssigkeit \u00fcber den gesamten Projektverlauf.<\/h4>\t\t\t\t\t\t\t\t<\/div>\n\t\t\t\t<\/div>\n\t\t\t\t<div class=\"elementor-element elementor-element-5a7eb29 elementor-widget elementor-widget-spacer\" data-id=\"5a7eb29\" data-element_type=\"widget\" data-widget_type=\"spacer.default\">\n\t\t\t\t<div class=\"elementor-widget-container\">\n\t\t\t\t\t\t\t<div class=\"elementor-spacer\">\n\t\t\t<div class=\"elementor-spacer-inner\"><\/div>\n\t\t<\/div>\n\t\t\t\t\t\t<\/div>\n\t\t\t\t<\/div>\n\t\t\t\t\t<\/div>\n\t\t<\/div>\n\t\t\t\t\t<\/div>\n\t\t<\/section>\n\t\t\t\t<\/div>\n\t\t","protected":false},"excerpt":{"rendered":"<p>Mess-, Steuerungs -und Regelungstechnik &#8211; durchdacht von Anfang an Wir bieten ma\u00dfgeschneiderte L\u00f6sungen im Bereich Mess-, Steuerungs- und Regelungstechnik mit besonderem Fokus auf die Konzeption moderner Messtechnik. Ob Eigenentwicklung oder Auswahl am Markt \u2013 wir finden die passende L\u00f6sung f\u00fcr Ihre Anforderungen. Unsere St\u00e4rke liegt in der Kombination aus technischer Erfahrung, qualifiziertem Einkauf und tiefem [&hellip;]<\/p>\n","protected":false},"author":5,"featured_media":0,"parent":0,"menu_order":0,"comment_status":"closed","ping_status":"closed","template":"","meta":{"footnotes":""},"class_list":["post-1953","page","type-page","status-publish","hentry","post"],"_links":{"self":[{"href":"https:\/\/physens.de\/index.php\/wp-json\/wp\/v2\/pages\/1953","targetHints":{"allow":["GET"]}}],"collection":[{"href":"https:\/\/physens.de\/index.php\/wp-json\/wp\/v2\/pages"}],"about":[{"href":"https:\/\/physens.de\/index.php\/wp-json\/wp\/v2\/types\/page"}],"author":[{"embeddable":true,"href":"https:\/\/physens.de\/index.php\/wp-json\/wp\/v2\/users\/5"}],"replies":[{"embeddable":true,"href":"https:\/\/physens.de\/index.php\/wp-json\/wp\/v2\/comments?post=1953"}],"version-history":[{"count":29,"href":"https:\/\/physens.de\/index.php\/wp-json\/wp\/v2\/pages\/1953\/revisions"}],"predecessor-version":[{"id":2147,"href":"https:\/\/physens.de\/index.php\/wp-json\/wp\/v2\/pages\/1953\/revisions\/2147"}],"wp:attachment":[{"href":"https:\/\/physens.de\/index.php\/wp-json\/wp\/v2\/media?parent=1953"}],"curies":[{"name":"wp","href":"https:\/\/api.w.org\/{rel}","templated":true}]}}