{"id":46,"date":"2021-02-07T10:52:22","date_gmt":"2021-02-07T10:52:22","guid":{"rendered":"http:\/\/10.0.0.4\/wordpress\/?page_id=46"},"modified":"2025-10-01T11:00:22","modified_gmt":"2025-10-01T10:00:22","slug":"mag-rim","status":"publish","type":"page","link":"https:\/\/physens.de\/index.php\/mag-rim\/","title":{"rendered":"Magnetische Infrastruktur\u00fcberwachung (alt)"},"content":{"rendered":"\t\t<div data-elementor-type=\"wp-page\" data-elementor-id=\"46\" class=\"elementor elementor-46\">\n\t\t\t\t\t\t<section class=\"elementor-section elementor-top-section elementor-element elementor-element-9c993c2 elementor-section-stretched elementor-section-boxed elementor-section-height-default elementor-section-height-default\" data-id=\"9c993c2\" data-element_type=\"section\" data-settings=\"{&quot;stretch_section&quot;:&quot;section-stretched&quot;,&quot;background_background&quot;:&quot;classic&quot;}\">\n\t\t\t\t\t\t<div class=\"elementor-container elementor-column-gap-default\">\n\t\t\t\t\t<div class=\"elementor-column elementor-col-100 elementor-top-column elementor-element elementor-element-ea9b328\" data-id=\"ea9b328\" data-element_type=\"column\">\n\t\t\t<div class=\"elementor-widget-wrap elementor-element-populated\">\n\t\t\t\t\t\t<div class=\"elementor-element elementor-element-72d72a0 elementor-hidden-tablet elementor-hidden-phone elementor-widget elementor-widget-spacer\" data-id=\"72d72a0\" data-element_type=\"widget\" data-widget_type=\"spacer.default\">\n\t\t\t\t<div class=\"elementor-widget-container\">\n\t\t\t\t\t\t\t<div class=\"elementor-spacer\">\n\t\t\t<div class=\"elementor-spacer-inner\"><\/div>\n\t\t<\/div>\n\t\t\t\t\t\t<\/div>\n\t\t\t\t<\/div>\n\t\t\t\t\t<\/div>\n\t\t<\/div>\n\t\t\t\t\t<\/div>\n\t\t<\/section>\n\t\t\t\t<section class=\"elementor-section elementor-top-section elementor-element elementor-element-d41793b elementor-section-stretched elementor-section-content-middle elementor-section-boxed elementor-section-height-default elementor-section-height-default\" data-id=\"d41793b\" data-element_type=\"section\" data-settings=\"{&quot;stretch_section&quot;:&quot;section-stretched&quot;,&quot;background_background&quot;:&quot;classic&quot;}\">\n\t\t\t\t\t\t<div class=\"elementor-container elementor-column-gap-default\">\n\t\t\t\t\t<div class=\"elementor-column elementor-col-50 elementor-top-column elementor-element elementor-element-5dcc1f8\" data-id=\"5dcc1f8\" data-element_type=\"column\" data-settings=\"{&quot;animation_tablet&quot;:&quot;none&quot;}\">\n\t\t\t<div class=\"elementor-widget-wrap elementor-element-populated\">\n\t\t\t\t\t\t<div class=\"elementor-element elementor-element-53f1ffb elementor-widget elementor-widget-heading\" data-id=\"53f1ffb\" data-element_type=\"widget\" data-widget_type=\"heading.default\">\n\t\t\t\t<div class=\"elementor-widget-container\">\n\t\t\t\t\t<h2 class=\"elementor-heading-title elementor-size-large\">\u00dcberwachung von Bahninfrastruktur<\/h2>\t\t\t\t<\/div>\n\t\t\t\t<\/div>\n\t\t\t\t<div class=\"elementor-element elementor-element-e1ccaef elementor-widget elementor-widget-text-editor\" data-id=\"e1ccaef\" data-element_type=\"widget\" data-widget_type=\"text-editor.default\">\n\t\t\t\t<div class=\"elementor-widget-container\">\n\t\t\t\t\t\t\t\t\t<h4>Ein Gro\u00dfteil der technisch bedingten Versp\u00e4tungen im Bahnverkehr l\u00e4sst sich auf Probleme bzw. Defekte von Bahninfrastruktur zur\u00fcckf\u00fchren. Alleine Probleme in Bezug auf Weichen sind f\u00fcr ca. 20 % der infrastrukturbedingten Versp\u00e4tungen verantwortlich. Bisherige Systeme zur Infrastruktur\u00fcberwachung via Beschleunigungs- oder Stromsensorik basieren auf indirekten Messmethoden und Zungenpr\u00fcfkontakte oder Endlagenpr\u00fcfer unterliegen Verschlei\u00df und sind fehleranf\u00e4llig.\u00a0<\/h4>\t\t\t\t\t\t\t\t<\/div>\n\t\t\t\t<\/div>\n\t\t\t\t\t<\/div>\n\t\t<\/div>\n\t\t\t\t<div class=\"elementor-column elementor-col-50 elementor-top-column elementor-element elementor-element-2031b75\" data-id=\"2031b75\" data-element_type=\"column\">\n\t\t\t<div class=\"elementor-widget-wrap elementor-element-populated\">\n\t\t\t\t\t\t<div class=\"elementor-element elementor-element-1b30535 elementor-widget elementor-widget-image\" data-id=\"1b30535\" data-element_type=\"widget\" data-widget_type=\"image.default\">\n\t\t\t\t<div class=\"elementor-widget-container\">\n\t\t\t\t\t\t\t\t\t\t\t\t\t\t\t<img fetchpriority=\"high\" decoding=\"async\" width=\"720\" height=\"476\" src=\"https:\/\/physens.de\/wp-content\/uploads\/2021\/02\/Frostweiche-bei-Raumung_bearbeitet-1024x677.jpg\" class=\"attachment-large size-large wp-image-891\" alt=\"\" srcset=\"https:\/\/physens.de\/wp-content\/uploads\/2021\/02\/Frostweiche-bei-Raumung_bearbeitet-1024x677.jpg 1024w, https:\/\/physens.de\/wp-content\/uploads\/2021\/02\/Frostweiche-bei-Raumung_bearbeitet-300x198.jpg 300w, https:\/\/physens.de\/wp-content\/uploads\/2021\/02\/Frostweiche-bei-Raumung_bearbeitet-768x508.jpg 768w, https:\/\/physens.de\/wp-content\/uploads\/2021\/02\/Frostweiche-bei-Raumung_bearbeitet-1536x1016.jpg 1536w, https:\/\/physens.de\/wp-content\/uploads\/2021\/02\/Frostweiche-bei-Raumung_bearbeitet.jpg 1688w\" sizes=\"(max-width: 720px) 100vw, 720px\" \/>\t\t\t\t\t\t\t\t\t\t\t\t\t\t\t<\/div>\n\t\t\t\t<\/div>\n\t\t\t\t\t<\/div>\n\t\t<\/div>\n\t\t\t\t\t<\/div>\n\t\t<\/section>\n\t\t\t\t<section class=\"elementor-section elementor-top-section elementor-element elementor-element-73ab876 elementor-section-stretched elementor-section-boxed elementor-section-height-default elementor-section-height-default\" data-id=\"73ab876\" data-element_type=\"section\" data-settings=\"{&quot;stretch_section&quot;:&quot;section-stretched&quot;,&quot;background_background&quot;:&quot;classic&quot;}\">\n\t\t\t\t\t\t<div class=\"elementor-container elementor-column-gap-default\">\n\t\t\t\t\t<div class=\"elementor-column elementor-col-100 elementor-top-column elementor-element elementor-element-a3d531c\" data-id=\"a3d531c\" data-element_type=\"column\">\n\t\t\t<div class=\"elementor-widget-wrap elementor-element-populated\">\n\t\t\t\t\t\t<div class=\"elementor-element elementor-element-1536518 elementor-hidden-tablet elementor-hidden-phone elementor-widget elementor-widget-spacer\" data-id=\"1536518\" data-element_type=\"widget\" data-widget_type=\"spacer.default\">\n\t\t\t\t<div class=\"elementor-widget-container\">\n\t\t\t\t\t\t\t<div class=\"elementor-spacer\">\n\t\t\t<div class=\"elementor-spacer-inner\"><\/div>\n\t\t<\/div>\n\t\t\t\t\t\t<\/div>\n\t\t\t\t<\/div>\n\t\t\t\t\t<\/div>\n\t\t<\/div>\n\t\t\t\t\t<\/div>\n\t\t<\/section>\n\t\t\t\t<section class=\"elementor-section elementor-top-section elementor-element elementor-element-5e714fd elementor-section-stretched elementor-section-boxed elementor-section-height-default elementor-section-height-default\" data-id=\"5e714fd\" data-element_type=\"section\" data-settings=\"{&quot;stretch_section&quot;:&quot;section-stretched&quot;,&quot;background_background&quot;:&quot;classic&quot;}\">\n\t\t\t\t\t\t<div class=\"elementor-container elementor-column-gap-default\">\n\t\t\t\t\t<div class=\"elementor-column elementor-col-100 elementor-top-column elementor-element elementor-element-5caa522\" data-id=\"5caa522\" data-element_type=\"column\">\n\t\t\t<div class=\"elementor-widget-wrap elementor-element-populated\">\n\t\t\t\t\t\t<div class=\"elementor-element elementor-element-7eb26af elementor-hidden-tablet elementor-hidden-phone elementor-widget elementor-widget-spacer\" data-id=\"7eb26af\" data-element_type=\"widget\" data-widget_type=\"spacer.default\">\n\t\t\t\t<div class=\"elementor-widget-container\">\n\t\t\t\t\t\t\t<div class=\"elementor-spacer\">\n\t\t\t<div class=\"elementor-spacer-inner\"><\/div>\n\t\t<\/div>\n\t\t\t\t\t\t<\/div>\n\t\t\t\t<\/div>\n\t\t\t\t\t<\/div>\n\t\t<\/div>\n\t\t\t\t\t<\/div>\n\t\t<\/section>\n\t\t\t\t<section class=\"elementor-section elementor-top-section elementor-element elementor-element-57a6012 elementor-section-stretched elementor-reverse-mobile elementor-section-content-middle elementor-section-boxed elementor-section-height-default elementor-section-height-default\" data-id=\"57a6012\" data-element_type=\"section\" data-settings=\"{&quot;stretch_section&quot;:&quot;section-stretched&quot;,&quot;background_background&quot;:&quot;classic&quot;}\">\n\t\t\t\t\t\t<div class=\"elementor-container elementor-column-gap-default\">\n\t\t\t\t\t<div class=\"elementor-column elementor-col-50 elementor-top-column elementor-element elementor-element-8f2c0d5\" data-id=\"8f2c0d5\" data-element_type=\"column\">\n\t\t\t<div class=\"elementor-widget-wrap elementor-element-populated\">\n\t\t\t\t\t\t<div class=\"elementor-element elementor-element-92bbbb2 elementor-widget elementor-widget-image\" data-id=\"92bbbb2\" data-element_type=\"widget\" data-widget_type=\"image.default\">\n\t\t\t\t<div class=\"elementor-widget-container\">\n\t\t\t\t\t\t\t\t\t\t\t\t\t\t\t<img decoding=\"async\" width=\"720\" height=\"509\" src=\"https:\/\/physens.de\/wp-content\/uploads\/2021\/02\/Overview-1024x724.png\" class=\"attachment-large size-large wp-image-48\" alt=\"\" srcset=\"https:\/\/physens.de\/wp-content\/uploads\/2021\/02\/Overview-1024x724.png 1024w, https:\/\/physens.de\/wp-content\/uploads\/2021\/02\/Overview-300x212.png 300w, https:\/\/physens.de\/wp-content\/uploads\/2021\/02\/Overview-768x543.png 768w, https:\/\/physens.de\/wp-content\/uploads\/2021\/02\/Overview-1536x1086.png 1536w, https:\/\/physens.de\/wp-content\/uploads\/2021\/02\/Overview-2048x1448.png 2048w\" sizes=\"(max-width: 720px) 100vw, 720px\" \/>\t\t\t\t\t\t\t\t\t\t\t\t\t\t\t<\/div>\n\t\t\t\t<\/div>\n\t\t\t\t\t<\/div>\n\t\t<\/div>\n\t\t\t\t<div class=\"elementor-column elementor-col-50 elementor-top-column elementor-element elementor-element-e59dd87\" data-id=\"e59dd87\" data-element_type=\"column\">\n\t\t\t<div class=\"elementor-widget-wrap elementor-element-populated\">\n\t\t\t\t\t\t<div class=\"elementor-element elementor-element-8ae4d64 elementor-widget elementor-widget-heading\" data-id=\"8ae4d64\" data-element_type=\"widget\" data-widget_type=\"heading.default\">\n\t\t\t\t<div class=\"elementor-widget-container\">\n\t\t\t\t\t<h2 class=\"elementor-heading-title elementor-size-large\">PHYMAG - Technologie<\/h2>\t\t\t\t<\/div>\n\t\t\t\t<\/div>\n\t\t\t\t<div class=\"elementor-element elementor-element-7e1f994 elementor-widget elementor-widget-text-editor\" data-id=\"7e1f994\" data-element_type=\"widget\" data-widget_type=\"text-editor.default\">\n\t\t\t\t<div class=\"elementor-widget-container\">\n\t\t\t\t\t\t\t\t\t<h4>Die PHYMAG-Technologie ist eine Komplettl\u00f6sung zur Zustands\u00fcberwachung von Bahninfrastruktur, z.B. Weichen und Bahn\u00fcberg\u00e4ngen. Gest\u00fctzt auf IoT-Sensorik und einer cloudbasierten Datenauswertung ist es m\u00f6glich, den aktuellen Zustand von Bahninfrastruktur in Echtzeit fl\u00e4chendeckend darzustellen. Das ber\u00fchrungslose Messprinzip macht sich zu Nutze, dass bei Bewegung von Bauteilen eine charakteristische magnetische Signatur erzeugt wird, anhand derer unter anderem die aktuelle Position der Bauteile bestimmt werden kann. Dadurch lassen sich Probleme z.B. bei Vereisung der Weiche oder des Bahn\u00fcbergangs fr\u00fchzeitig erkennen. Das System kann dabei nahtlos in bestehende Systemdiagnostik integriert und unterst\u00fctzend genutzt werden.<\/h4>\t\t\t\t\t\t\t\t<\/div>\n\t\t\t\t<\/div>\n\t\t\t\t\t<\/div>\n\t\t<\/div>\n\t\t\t\t\t<\/div>\n\t\t<\/section>\n\t\t\t\t<section class=\"elementor-section elementor-top-section elementor-element elementor-element-e8e8a4e elementor-section-stretched elementor-section-boxed elementor-section-height-default elementor-section-height-default\" data-id=\"e8e8a4e\" data-element_type=\"section\" data-settings=\"{&quot;stretch_section&quot;:&quot;section-stretched&quot;,&quot;background_background&quot;:&quot;classic&quot;}\">\n\t\t\t\t\t\t<div class=\"elementor-container elementor-column-gap-default\">\n\t\t\t\t\t<div class=\"elementor-column elementor-col-100 elementor-top-column elementor-element elementor-element-76c04bd\" data-id=\"76c04bd\" data-element_type=\"column\">\n\t\t\t<div class=\"elementor-widget-wrap elementor-element-populated\">\n\t\t\t\t\t\t<div class=\"elementor-element elementor-element-35319d5 elementor-hidden-tablet elementor-hidden-phone elementor-widget elementor-widget-spacer\" data-id=\"35319d5\" data-element_type=\"widget\" data-widget_type=\"spacer.default\">\n\t\t\t\t<div class=\"elementor-widget-container\">\n\t\t\t\t\t\t\t<div class=\"elementor-spacer\">\n\t\t\t<div class=\"elementor-spacer-inner\"><\/div>\n\t\t<\/div>\n\t\t\t\t\t\t<\/div>\n\t\t\t\t<\/div>\n\t\t\t\t\t<\/div>\n\t\t<\/div>\n\t\t\t\t\t<\/div>\n\t\t<\/section>\n\t\t\t\t<\/div>\n\t\t","protected":false},"excerpt":{"rendered":"<p>\u00dcberwachung von Bahninfrastruktur Ein Gro\u00dfteil der technisch bedingten Versp\u00e4tungen im Bahnverkehr l\u00e4sst sich auf Probleme bzw. Defekte von Bahninfrastruktur zur\u00fcckf\u00fchren. Alleine Probleme in Bezug auf Weichen sind f\u00fcr ca. 20 % der infrastrukturbedingten Versp\u00e4tungen verantwortlich. Bisherige Systeme zur Infrastruktur\u00fcberwachung via Beschleunigungs- oder Stromsensorik basieren auf indirekten Messmethoden und Zungenpr\u00fcfkontakte oder Endlagenpr\u00fcfer unterliegen Verschlei\u00df und sind [&hellip;]<\/p>\n","protected":false},"author":1,"featured_media":0,"parent":0,"menu_order":0,"comment_status":"closed","ping_status":"closed","template":"templates\/template-full-notitle.php","meta":{"footnotes":""},"class_list":["post-46","page","type-page","status-publish","hentry","post"],"_links":{"self":[{"href":"https:\/\/physens.de\/index.php\/wp-json\/wp\/v2\/pages\/46","targetHints":{"allow":["GET"]}}],"collection":[{"href":"https:\/\/physens.de\/index.php\/wp-json\/wp\/v2\/pages"}],"about":[{"href":"https:\/\/physens.de\/index.php\/wp-json\/wp\/v2\/types\/page"}],"author":[{"embeddable":true,"href":"https:\/\/physens.de\/index.php\/wp-json\/wp\/v2\/users\/1"}],"replies":[{"embeddable":true,"href":"https:\/\/physens.de\/index.php\/wp-json\/wp\/v2\/comments?post=46"}],"version-history":[{"count":120,"href":"https:\/\/physens.de\/index.php\/wp-json\/wp\/v2\/pages\/46\/revisions"}],"predecessor-version":[{"id":2130,"href":"https:\/\/physens.de\/index.php\/wp-json\/wp\/v2\/pages\/46\/revisions\/2130"}],"wp:attachment":[{"href":"https:\/\/physens.de\/index.php\/wp-json\/wp\/v2\/media?parent=46"}],"curies":[{"name":"wp","href":"https:\/\/api.w.org\/{rel}","templated":true}]}}