{"id":514,"date":"2021-02-11T11:54:27","date_gmt":"2021-02-11T10:54:27","guid":{"rendered":"http:\/\/10.0.0.4\/wordpress\/?page_id=514"},"modified":"2025-10-01T09:49:36","modified_gmt":"2025-10-01T08:49:36","slug":"cookies_de","status":"publish","type":"page","link":"https:\/\/physens.de\/index.php\/cookies_de\/","title":{"rendered":"cookies_de"},"content":{"rendered":"\t\t<div data-elementor-type=\"wp-page\" data-elementor-id=\"514\" class=\"elementor elementor-514\">\n\t\t\t\t\t\t<section class=\"elementor-section elementor-top-section elementor-element elementor-element-bbc64ca elementor-section-boxed elementor-section-height-default elementor-section-height-default\" data-id=\"bbc64ca\" data-element_type=\"section\">\n\t\t\t\t\t\t<div class=\"elementor-container elementor-column-gap-default\">\n\t\t\t\t\t<div class=\"elementor-column elementor-col-100 elementor-top-column elementor-element elementor-element-9bdf113\" data-id=\"9bdf113\" data-element_type=\"column\">\n\t\t\t<div class=\"elementor-widget-wrap elementor-element-populated\">\n\t\t\t\t\t\t<div class=\"elementor-element elementor-element-3e53263 elementor-widget elementor-widget-text-editor\" data-id=\"3e53263\" data-element_type=\"widget\" data-widget_type=\"text-editor.default\">\n\t\t\t\t<div class=\"elementor-widget-container\">\n\t\t\t\t\t\t\t\t\t<h3 class=\"headline__text\" data-ste-component=\"headline\"><strong>Cookie Hinweise<\/strong><\/h3>\n<p class=\"headline__text\" data-ste-component=\"headline\">Diese Cookie Hinweise gelten f\u00fcr die unter \u201ephysens.de\u201c erreichbaren Webseiten (die \u201eWebseite\u201c).<\/p>\n<p>Cookies sind Textdateien, die bestimmte Informationen enthalten, und auf Ihrem Endger\u00e4t gespeichert werden. Cookies stammen entweder direkt von der PHYMAG GmbH, dabei handelt es sich um sogenannte \u201eFirst Party Cookies\u201c oder von Dienstleistern, deren Dienste die PHYMAG GmbH in Anspruch nimmt. In diesem Fall spricht man von \u201eThird Party Cookies\u201c.<\/p>\n<p>Cookies sind erforderlich, um bestimmte Funktionalit\u00e4ten auf Webseiten bereitzustellen, wie beispielweise die Beibehaltung der von einem Nutzer gew\u00e4hlten Sprache f\u00fcr die Darstellung der Webseite oder f\u00fcr einen Warenkorb. Dar\u00fcber hinaus erlauben Cookies es dem jeweiligen Herausgeber zu erkennen, dass eine Webseite von einem bestimmten Endger\u00e4t schon einmal aufgerufen wurde. Es ist auf diese Weise m\u00f6glich, wiederkehrende Besucher (bzw. deren Endger\u00e4te) zu erkennen und Informationen \u00fcber deren Nutzungsverhalten und mutma\u00dfliche Interessen zu gewinnen.<br>Diese Informationen werden genutzt, um den Besuchern relevante Informationen und Dienstleistungen auf der Website und ggf. auf fremden Internetseiten zu pr\u00e4sentieren.<\/p>\n<p>Abh\u00e4ngig von ihrer Funktion und ihrem Verwendungszweck k\u00f6nnen Cookies in unterschiedliche Kategorien eingeteilt werden: Unbedingt erforderliche Cookies, Performance Cookies und Marketing Cookies.<\/p>\n<p><strong>Unbedingt erforderliche Cookies<\/strong><\/p>\n<p>Diese Cookies sind notwendig, damit Sie auf der Webseite navigieren und ihre Funktionen verwenden k\u00f6nnen, zum Beispiel um Ihre Datenschutzpr\u00e4ferenzen oder Sprache einzustellen, sich anzumelden oder um Formulare auszuf\u00fcllen. Ohne diese Cookies k\u00f6nnen die von Ihnen \u00fcber die Webseite angefragten Leistungen nicht oder nur eingeschr\u00e4nkt erbracht werden. Unbedingt erforderliche Cookies ben\u00f6tigen nach anwendbarem Recht keine Einwilligung durch den Nutzer.<br>Sie k\u00f6nnen Ihren Webbrowser so konfigurieren, dass auch unbedingt erforderliche Cookies blockiert werden. In diesem Fall kann die Webseite m\u00f6glicherweise nicht in der vorgesehenen Weise genutzt werden.<\/p>\n<p>Sofern die mit Hilfe dieser Cookies verarbeiteten Daten im Einzelfall als personenbeziehbar anzusehen sind, stellt das berechtigte Interesse der PHYMAG GmbH am Betrieb der Webseite die Rechtsgrundlage f\u00fcr die Verarbeitung dieser Daten dar.<\/p>\n<p><strong>Performance Cookies<\/strong><\/p>\n<p>Diese Cookies sammeln Informationen \u00fcber die die Nutzung der Webseite, z.B. welche Seiten am h\u00e4ufigsten besucht werden und wie sich Besucher auf der Webseite bewegen. Sie sollen helfen, die Nutzerfreundlichkeit der Webseite und damit das Nutzererlebnis zu verbessern und die n\u00f6tige Infrastruktur auslegen zu k\u00f6nnen.<br>Weitere, mit Performance Cookies gesammelte Informationen, k\u00f6nnen z.B. sein: verwendeter Internet-Browser und Betriebssystem, Domain-Name der Webseite, von der Sie kamen, Anzahl der Besuche, durchschnittliche Verweilzeit, aufgerufene Seiten.&nbsp;<\/p>\n<p><span style=\"font-size: 13px; color: var( --e-global-color-text );\">Die bei der Nutzung dieser Cookies anfallenden Daten sind aggregiert und lassen sich in der Regel keiner bestimmten nat\u00fcrlichen Person zuordnen. Sofern die mit Hilfe von Performance Cookies verarbeiteten Daten im Einzelfall als personenbeziehbar anzusehen sind, stellt die Einwilligung des Nutzers die Rechtsgrundlage f\u00fcr die Verarbeitung dieser Daten dar.<\/span><\/p>\n<p><strong>Marketing Cookies<\/strong><\/p>\n<p>Marketing Cookies (auch Targeting oder Advertising Cookies genannt) werden genutzt, um Werbeanzeigen auf Webseiten Dritter anzeigen zu lassen, die f\u00fcr den Nutzer und seine Interessen relevanter sind. Sie werden au\u00dferdem dazu verwendet, die Erscheinungsh\u00e4ufigkeit einer Anzeige zu begrenzen und die Effektivit\u00e4t von Werbekampagnen zu messen und zu steuern.<\/p>\n<p>Rechtsgrundlage f\u00fcr die Verarbeitung der mit Hilfe von Marketing Cookies ggf. verarbeiteten personenbeziehbaren Daten ist die Einwilligung des Nutzers.<\/p>\n<p>Die PHYMAG GmbH setzt auf diesen Seiten keine solchen Cookies ein.<\/p>\t\t\t\t\t\t\t\t<\/div>\n\t\t\t\t<\/div>\n\t\t\t\t\t<\/div>\n\t\t<\/div>\n\t\t\t\t\t<\/div>\n\t\t<\/section>\n\t\t\t\t<\/div>\n\t\t","protected":false},"excerpt":{"rendered":"<p>Cookie Hinweise Diese Cookie Hinweise gelten f\u00fcr die unter \u201ephysens.de\u201c erreichbaren Webseiten (die \u201eWebseite\u201c). Cookies sind Textdateien, die bestimmte Informationen enthalten, und auf Ihrem Endger\u00e4t gespeichert werden. Cookies stammen entweder direkt von der PHYMAG GmbH, dabei handelt es sich um sogenannte \u201eFirst Party Cookies\u201c oder von Dienstleistern, deren Dienste die PHYMAG GmbH in Anspruch nimmt. [&hellip;]<\/p>\n","protected":false},"author":1,"featured_media":0,"parent":0,"menu_order":0,"comment_status":"closed","ping_status":"closed","template":"","meta":{"footnotes":""},"class_list":["post-514","page","type-page","status-publish","hentry","post"],"_links":{"self":[{"href":"https:\/\/physens.de\/index.php\/wp-json\/wp\/v2\/pages\/514","targetHints":{"allow":["GET"]}}],"collection":[{"href":"https:\/\/physens.de\/index.php\/wp-json\/wp\/v2\/pages"}],"about":[{"href":"https:\/\/physens.de\/index.php\/wp-json\/wp\/v2\/types\/page"}],"author":[{"embeddable":true,"href":"https:\/\/physens.de\/index.php\/wp-json\/wp\/v2\/users\/1"}],"replies":[{"embeddable":true,"href":"https:\/\/physens.de\/index.php\/wp-json\/wp\/v2\/comments?post=514"}],"version-history":[{"count":34,"href":"https:\/\/physens.de\/index.php\/wp-json\/wp\/v2\/pages\/514\/revisions"}],"predecessor-version":[{"id":2115,"href":"https:\/\/physens.de\/index.php\/wp-json\/wp\/v2\/pages\/514\/revisions\/2115"}],"wp:attachment":[{"href":"https:\/\/physens.de\/index.php\/wp-json\/wp\/v2\/media?parent=514"}],"curies":[{"name":"wp","href":"https:\/\/api.w.org\/{rel}","templated":true}]}}