{"id":63,"date":"2021-02-07T11:01:11","date_gmt":"2021-02-07T11:01:11","guid":{"rendered":"http:\/\/10.0.0.4\/wordpress\/?page_id=63"},"modified":"2025-10-01T10:59:15","modified_gmt":"2025-10-01T09:59:15","slug":"cursens","status":"publish","type":"page","link":"https:\/\/physens.de\/index.php\/cursens\/","title":{"rendered":"Intelligente Strom\u00fcberwachung"},"content":{"rendered":"\t\t<div data-elementor-type=\"wp-page\" data-elementor-id=\"63\" class=\"elementor elementor-63\">\n\t\t\t\t\t\t<section class=\"elementor-section elementor-top-section elementor-element elementor-element-67802d4 elementor-section-stretched elementor-section-boxed elementor-section-height-default elementor-section-height-default\" data-id=\"67802d4\" data-element_type=\"section\" data-settings=\"{&quot;stretch_section&quot;:&quot;section-stretched&quot;}\">\n\t\t\t\t\t\t<div class=\"elementor-container elementor-column-gap-default\">\n\t\t\t\t\t<div class=\"elementor-column elementor-col-100 elementor-top-column elementor-element elementor-element-88c9caa\" data-id=\"88c9caa\" data-element_type=\"column\">\n\t\t\t<div class=\"elementor-widget-wrap elementor-element-populated\">\n\t\t\t\t\t\t<div class=\"elementor-element elementor-element-22c3199 elementor-hidden-tablet elementor-hidden-phone elementor-widget elementor-widget-spacer\" data-id=\"22c3199\" data-element_type=\"widget\" data-widget_type=\"spacer.default\">\n\t\t\t\t<div class=\"elementor-widget-container\">\n\t\t\t\t\t\t\t<div class=\"elementor-spacer\">\n\t\t\t<div class=\"elementor-spacer-inner\"><\/div>\n\t\t<\/div>\n\t\t\t\t\t\t<\/div>\n\t\t\t\t<\/div>\n\t\t\t\t\t<\/div>\n\t\t<\/div>\n\t\t\t\t\t<\/div>\n\t\t<\/section>\n\t\t\t\t<section class=\"elementor-section elementor-top-section elementor-element elementor-element-4a7e216 elementor-section-stretched elementor-section-boxed elementor-section-height-default elementor-section-height-default\" data-id=\"4a7e216\" data-element_type=\"section\" data-settings=\"{&quot;stretch_section&quot;:&quot;section-stretched&quot;}\">\n\t\t\t\t\t\t<div class=\"elementor-container elementor-column-gap-default\">\n\t\t\t\t\t<div class=\"elementor-column elementor-col-50 elementor-top-column elementor-element elementor-element-4a8e0c4\" data-id=\"4a8e0c4\" data-element_type=\"column\">\n\t\t\t<div class=\"elementor-widget-wrap elementor-element-populated\">\n\t\t\t\t\t\t<div class=\"elementor-element elementor-element-12e46b8 elementor-widget__width-initial elementor-widget elementor-widget-image\" data-id=\"12e46b8\" data-element_type=\"widget\" data-widget_type=\"image.default\">\n\t\t\t\t<div class=\"elementor-widget-container\">\n\t\t\t\t\t\t\t\t\t\t\t\t\t\t\t<img fetchpriority=\"high\" decoding=\"async\" width=\"720\" height=\"915\" src=\"https:\/\/physens.de\/wp-content\/uploads\/2025\/05\/PhySens-VDI-806x1024.jpg\" class=\"attachment-large size-large wp-image-2009\" alt=\"\" srcset=\"https:\/\/physens.de\/wp-content\/uploads\/2025\/05\/PhySens-VDI-806x1024.jpg 806w, https:\/\/physens.de\/wp-content\/uploads\/2025\/05\/PhySens-VDI-236x300.jpg 236w, https:\/\/physens.de\/wp-content\/uploads\/2025\/05\/PhySens-VDI-768x975.jpg 768w, https:\/\/physens.de\/wp-content\/uploads\/2025\/05\/PhySens-VDI-1209x1536.jpg 1209w, https:\/\/physens.de\/wp-content\/uploads\/2025\/05\/PhySens-VDI-1613x2048.jpg 1613w, https:\/\/physens.de\/wp-content\/uploads\/2025\/05\/PhySens-VDI-9x12.jpg 9w, https:\/\/physens.de\/wp-content\/uploads\/2025\/05\/PhySens-VDI-scaled.jpg 2016w\" sizes=\"(max-width: 720px) 100vw, 720px\" \/>\t\t\t\t\t\t\t\t\t\t\t\t\t\t\t<\/div>\n\t\t\t\t<\/div>\n\t\t\t\t\t<\/div>\n\t\t<\/div>\n\t\t\t\t<div class=\"elementor-column elementor-col-50 elementor-top-column elementor-element elementor-element-e92fbd8\" data-id=\"e92fbd8\" data-element_type=\"column\">\n\t\t\t<div class=\"elementor-widget-wrap elementor-element-populated\">\n\t\t\t\t\t\t<div class=\"elementor-element elementor-element-bb20511 elementor-widget elementor-widget-heading\" data-id=\"bb20511\" data-element_type=\"widget\" data-widget_type=\"heading.default\">\n\t\t\t\t<div class=\"elementor-widget-container\">\n\t\t\t\t\t<h2 class=\"elementor-heading-title elementor-size-large\">Magnetische Stromsensorik\u200b<\/h2>\t\t\t\t<\/div>\n\t\t\t\t<\/div>\n\t\t\t\t<div class=\"elementor-element elementor-element-229dd4f8 elementor-widget elementor-widget-text-editor\" data-id=\"229dd4f8\" data-element_type=\"widget\" data-widget_type=\"text-editor.default\">\n\t\t\t\t<div class=\"elementor-widget-container\">\n\t\t\t\t\t\t\t\t\t<h4>Von Beleuchtung, Produktionsanlagen oder intelligentem Lastmanagement wird Geb\u00e4ude- und Anlagentechnik besonders im Rahmen der Automatisierung und Digitalisierung immer komplexer. Die zunehmende Bedeutung dieser Anlagen f\u00fchrt zu entsprechenden Anforderungen and die Verf\u00fcgbarkeit. Daf\u00fcr bedarf es neuer intelligenter L\u00f6sungen zur vorausschauenden Wartung, Fehlersuche und Verbrauchsoptimierung.\u00a0<\/h4>\t\t\t\t\t\t\t\t<\/div>\n\t\t\t\t<\/div>\n\t\t\t\t\t<\/div>\n\t\t<\/div>\n\t\t\t\t\t<\/div>\n\t\t<\/section>\n\t\t\t\t<section class=\"elementor-section elementor-top-section elementor-element elementor-element-9b5d844 elementor-section-stretched elementor-section-boxed elementor-section-height-default elementor-section-height-default\" data-id=\"9b5d844\" data-element_type=\"section\" data-settings=\"{&quot;stretch_section&quot;:&quot;section-stretched&quot;}\">\n\t\t\t\t\t\t<div class=\"elementor-container elementor-column-gap-default\">\n\t\t\t\t\t\t<\/div>\n\t\t<\/section>\n\t\t\t\t<section class=\"elementor-section elementor-top-section elementor-element elementor-element-4d5efbc elementor-section-stretched elementor-section-boxed elementor-section-height-default elementor-section-height-default\" data-id=\"4d5efbc\" data-element_type=\"section\" data-settings=\"{&quot;stretch_section&quot;:&quot;section-stretched&quot;}\">\n\t\t\t\t\t\t<div class=\"elementor-container elementor-column-gap-default\">\n\t\t\t\t\t<div class=\"elementor-column elementor-col-100 elementor-top-column elementor-element elementor-element-15e85cf\" data-id=\"15e85cf\" data-element_type=\"column\">\n\t\t\t<div class=\"elementor-widget-wrap elementor-element-populated\">\n\t\t\t\t\t\t<div class=\"elementor-element elementor-element-ec74ad6 elementor-hidden-tablet elementor-hidden-phone elementor-widget elementor-widget-spacer\" data-id=\"ec74ad6\" data-element_type=\"widget\" data-widget_type=\"spacer.default\">\n\t\t\t\t<div class=\"elementor-widget-container\">\n\t\t\t\t\t\t\t<div class=\"elementor-spacer\">\n\t\t\t<div class=\"elementor-spacer-inner\"><\/div>\n\t\t<\/div>\n\t\t\t\t\t\t<\/div>\n\t\t\t\t<\/div>\n\t\t\t\t\t<\/div>\n\t\t<\/div>\n\t\t\t\t\t<\/div>\n\t\t<\/section>\n\t\t\t\t<section class=\"elementor-section elementor-top-section elementor-element elementor-element-073ca28 elementor-section-stretched elementor-section-boxed elementor-section-height-default elementor-section-height-default\" data-id=\"073ca28\" data-element_type=\"section\" data-settings=\"{&quot;stretch_section&quot;:&quot;section-stretched&quot;,&quot;background_background&quot;:&quot;classic&quot;}\">\n\t\t\t\t\t\t<div class=\"elementor-container elementor-column-gap-default\">\n\t\t\t\t\t<div class=\"elementor-column elementor-col-100 elementor-top-column elementor-element elementor-element-a32c0ab\" data-id=\"a32c0ab\" data-element_type=\"column\">\n\t\t\t<div class=\"elementor-widget-wrap elementor-element-populated\">\n\t\t\t\t\t\t<div class=\"elementor-element elementor-element-316b312 elementor-hidden-tablet elementor-hidden-phone elementor-widget elementor-widget-spacer\" data-id=\"316b312\" data-element_type=\"widget\" data-widget_type=\"spacer.default\">\n\t\t\t\t<div class=\"elementor-widget-container\">\n\t\t\t\t\t\t\t<div class=\"elementor-spacer\">\n\t\t\t<div class=\"elementor-spacer-inner\"><\/div>\n\t\t<\/div>\n\t\t\t\t\t\t<\/div>\n\t\t\t\t<\/div>\n\t\t\t\t\t<\/div>\n\t\t<\/div>\n\t\t\t\t\t<\/div>\n\t\t<\/section>\n\t\t\t\t<section class=\"elementor-section elementor-top-section elementor-element elementor-element-eed10b9 elementor-section-stretched elementor-section-boxed elementor-section-height-default elementor-section-height-default\" data-id=\"eed10b9\" data-element_type=\"section\" data-settings=\"{&quot;background_background&quot;:&quot;classic&quot;,&quot;stretch_section&quot;:&quot;section-stretched&quot;}\">\n\t\t\t\t\t\t<div class=\"elementor-container elementor-column-gap-default\">\n\t\t\t\t\t<div class=\"elementor-column elementor-col-100 elementor-top-column elementor-element elementor-element-730d940\" data-id=\"730d940\" data-element_type=\"column\">\n\t\t\t<div class=\"elementor-widget-wrap elementor-element-populated\">\n\t\t\t\t\t\t<div class=\"elementor-element elementor-element-ce51240 elementor-widget elementor-widget-heading\" data-id=\"ce51240\" data-element_type=\"widget\" data-widget_type=\"heading.default\">\n\t\t\t\t<div class=\"elementor-widget-container\">\n\t\t\t\t\t<h2 class=\"elementor-heading-title elementor-size-large\">Flexible Komplettl\u00f6sung<\/h2>\t\t\t\t<\/div>\n\t\t\t\t<\/div>\n\t\t\t\t<div class=\"elementor-element elementor-element-9a45787 elementor-widget elementor-widget-text-editor\" data-id=\"9a45787\" data-element_type=\"widget\" data-widget_type=\"text-editor.default\">\n\t\t\t\t<div class=\"elementor-widget-container\">\n\t\t\t\t\t\t\t\t\t<h4>Wir bieten dazu eine Komplettl\u00f6sung basierend auf einer neuen patentierten Technologie zur kontaktlosen magnetischen Strommessung und einer KI gest\u00fctzten Cloudplattform. Im Vergleich zu bisherigen Stromwandlern kann die neue Sensorik direkt an Kabeln und Leitungen mit bis zu drei Phasen messen und nicht nur an einzelnen Leitern. Das erleichtert besonders die Nachr\u00fcstung erheblich und erm\u00f6glicht ein flexibles Messen ohne einzelne Messwandler in einem Schaltschrank oder Unterverteilung installieren zu m\u00fcssen.<\/h4>\t\t\t\t\t\t\t\t<\/div>\n\t\t\t\t<\/div>\n\t\t\t\t<div class=\"elementor-element elementor-element-4f47cb4 elementor-widget elementor-widget-image\" data-id=\"4f47cb4\" data-element_type=\"widget\" data-widget_type=\"image.default\">\n\t\t\t\t<div class=\"elementor-widget-container\">\n\t\t\t\t\t\t\t\t\t\t\t\t\t\t\t<img decoding=\"async\" width=\"1920\" height=\"1080\" src=\"https:\/\/physens.de\/wp-content\/uploads\/2021\/02\/laptop_and_tablet_gui-1.png\" class=\"attachment-full size-full wp-image-1494\" alt=\"\" srcset=\"https:\/\/physens.de\/wp-content\/uploads\/2021\/02\/laptop_and_tablet_gui-1.png 1920w, https:\/\/physens.de\/wp-content\/uploads\/2021\/02\/laptop_and_tablet_gui-1-300x169.png 300w, https:\/\/physens.de\/wp-content\/uploads\/2021\/02\/laptop_and_tablet_gui-1-1024x576.png 1024w, https:\/\/physens.de\/wp-content\/uploads\/2021\/02\/laptop_and_tablet_gui-1-768x432.png 768w, https:\/\/physens.de\/wp-content\/uploads\/2021\/02\/laptop_and_tablet_gui-1-1536x864.png 1536w\" sizes=\"(max-width: 1920px) 100vw, 1920px\" \/>\t\t\t\t\t\t\t\t\t\t\t\t\t\t\t<\/div>\n\t\t\t\t<\/div>\n\t\t\t\t\t<\/div>\n\t\t<\/div>\n\t\t\t\t\t<\/div>\n\t\t<\/section>\n\t\t\t\t<section class=\"elementor-section elementor-top-section elementor-element elementor-element-cf95090 elementor-section-stretched elementor-section-boxed elementor-section-height-default elementor-section-height-default\" data-id=\"cf95090\" data-element_type=\"section\" data-settings=\"{&quot;stretch_section&quot;:&quot;section-stretched&quot;,&quot;background_background&quot;:&quot;classic&quot;}\">\n\t\t\t\t\t\t<div class=\"elementor-container elementor-column-gap-default\">\n\t\t\t\t\t<div class=\"elementor-column elementor-col-100 elementor-top-column elementor-element elementor-element-bbca5ac\" data-id=\"bbca5ac\" data-element_type=\"column\">\n\t\t\t<div class=\"elementor-widget-wrap elementor-element-populated\">\n\t\t\t\t\t\t<div class=\"elementor-element elementor-element-f9f84f1 elementor-widget elementor-widget-spacer\" data-id=\"f9f84f1\" data-element_type=\"widget\" data-widget_type=\"spacer.default\">\n\t\t\t\t<div class=\"elementor-widget-container\">\n\t\t\t\t\t\t\t<div class=\"elementor-spacer\">\n\t\t\t<div class=\"elementor-spacer-inner\"><\/div>\n\t\t<\/div>\n\t\t\t\t\t\t<\/div>\n\t\t\t\t<\/div>\n\t\t\t\t\t<\/div>\n\t\t<\/div>\n\t\t\t\t\t<\/div>\n\t\t<\/section>\n\t\t\t\t<section class=\"elementor-section elementor-top-section elementor-element elementor-element-9bbba52 elementor-section-stretched elementor-section-boxed elementor-section-height-default elementor-section-height-default\" data-id=\"9bbba52\" data-element_type=\"section\" data-settings=\"{&quot;stretch_section&quot;:&quot;section-stretched&quot;}\">\n\t\t\t\t\t\t<div class=\"elementor-container elementor-column-gap-default\">\n\t\t\t\t\t<div class=\"elementor-column elementor-col-100 elementor-top-column elementor-element elementor-element-658bf1d\" data-id=\"658bf1d\" data-element_type=\"column\">\n\t\t\t<div class=\"elementor-widget-wrap elementor-element-populated\">\n\t\t\t\t\t\t<div class=\"elementor-element elementor-element-f3a4f8c elementor-hidden-phone elementor-widget elementor-widget-spacer\" data-id=\"f3a4f8c\" data-element_type=\"widget\" data-widget_type=\"spacer.default\">\n\t\t\t\t<div class=\"elementor-widget-container\">\n\t\t\t\t\t\t\t<div class=\"elementor-spacer\">\n\t\t\t<div class=\"elementor-spacer-inner\"><\/div>\n\t\t<\/div>\n\t\t\t\t\t\t<\/div>\n\t\t\t\t<\/div>\n\t\t\t\t<div class=\"elementor-element elementor-element-a5265e1 elementor-widget elementor-widget-heading\" data-id=\"a5265e1\" data-element_type=\"widget\" data-widget_type=\"heading.default\">\n\t\t\t\t<div class=\"elementor-widget-container\">\n\t\t\t\t\t<h2 class=\"elementor-heading-title elementor-size-large\">Intelligente Cloudplattform<\/h2>\t\t\t\t<\/div>\n\t\t\t\t<\/div>\n\t\t\t\t<div class=\"elementor-element elementor-element-0bafa49 elementor-widget elementor-widget-text-editor\" data-id=\"0bafa49\" data-element_type=\"widget\" data-widget_type=\"text-editor.default\">\n\t\t\t\t<div class=\"elementor-widget-container\">\n\t\t\t\t\t\t\t\t\t<h4>Eine schnelle Messdatenerfassung erm\u00f6glicht es zusammen mit der PHYMAG KI-Cloudplattform einzelne Verbraucher anhand ihrer Stromprofile zu erkennen. Dadurch k\u00f6nnen \u00fcber eine Messstelle z.B. an der Zuleitung der Unterverteilung mehrere angeschlossene Verbraucher gleichzeitig \u00fcberwacht werden. Die intelligente Software lernt die typischen Verbrauchskurven, um Fehler oder St\u00f6rungen anhand der Ver\u00e4nderung im Stromverbrauch zu erkennen. Dies erm\u00f6glicht beispielsweise eine automatische Benachrichtigung bereits bei Teilausfall von Beleuchtung oder bei unerwarteten Ver\u00e4nderungen im Stromverbrauch von K\u00e4lte- oder Klimaanlagen. Besonders f\u00fcr gewerbliche Immobilien l\u00e4sst sich so auch sicherestellen, dass w\u00e4hrend Nacht- oder Wochenendzeiten lediglich notwendige Verbraucher eingeschaltet sind.<\/h4>\t\t\t\t\t\t\t\t<\/div>\n\t\t\t\t<\/div>\n\t\t\t\t<div class=\"elementor-element elementor-element-fe52589 elementor-widget elementor-widget-spacer\" data-id=\"fe52589\" data-element_type=\"widget\" data-widget_type=\"spacer.default\">\n\t\t\t\t<div class=\"elementor-widget-container\">\n\t\t\t\t\t\t\t<div class=\"elementor-spacer\">\n\t\t\t<div class=\"elementor-spacer-inner\"><\/div>\n\t\t<\/div>\n\t\t\t\t\t\t<\/div>\n\t\t\t\t<\/div>\n\t\t\t\t\t<\/div>\n\t\t<\/div>\n\t\t\t\t\t<\/div>\n\t\t<\/section>\n\t\t\t\t<section class=\"elementor-section elementor-top-section elementor-element elementor-element-0ce4eb6 elementor-section-stretched elementor-section-boxed elementor-section-height-default elementor-section-height-default\" data-id=\"0ce4eb6\" data-element_type=\"section\" data-settings=\"{&quot;stretch_section&quot;:&quot;section-stretched&quot;,&quot;background_background&quot;:&quot;classic&quot;}\">\n\t\t\t\t\t\t<div class=\"elementor-container elementor-column-gap-default\">\n\t\t\t\t\t<div class=\"elementor-column elementor-col-100 elementor-top-column elementor-element elementor-element-9f5f552\" data-id=\"9f5f552\" data-element_type=\"column\">\n\t\t\t<div class=\"elementor-widget-wrap elementor-element-populated\">\n\t\t\t\t\t\t<div class=\"elementor-element elementor-element-c0c8bca elementor-hidden-phone elementor-widget elementor-widget-spacer\" data-id=\"c0c8bca\" data-element_type=\"widget\" data-widget_type=\"spacer.default\">\n\t\t\t\t<div class=\"elementor-widget-container\">\n\t\t\t\t\t\t\t<div class=\"elementor-spacer\">\n\t\t\t<div class=\"elementor-spacer-inner\"><\/div>\n\t\t<\/div>\n\t\t\t\t\t\t<\/div>\n\t\t\t\t<\/div>\n\t\t\t\t\t<\/div>\n\t\t<\/div>\n\t\t\t\t\t<\/div>\n\t\t<\/section>\n\t\t\t\t<section class=\"elementor-section elementor-top-section elementor-element elementor-element-13e60ec9 elementor-section-stretched elementor-section-boxed elementor-section-height-default elementor-section-height-default\" data-id=\"13e60ec9\" data-element_type=\"section\" data-settings=\"{&quot;stretch_section&quot;:&quot;section-stretched&quot;,&quot;background_background&quot;:&quot;classic&quot;}\">\n\t\t\t\t\t\t<div class=\"elementor-container elementor-column-gap-default\">\n\t\t\t\t\t<div class=\"elementor-column elementor-col-100 elementor-top-column elementor-element elementor-element-41d7cc3d\" data-id=\"41d7cc3d\" data-element_type=\"column\">\n\t\t\t<div class=\"elementor-widget-wrap elementor-element-populated\">\n\t\t\t\t\t\t<section class=\"elementor-section elementor-inner-section elementor-element elementor-element-2272c8a elementor-section-content-middle elementor-section-boxed elementor-section-height-default elementor-section-height-default\" data-id=\"2272c8a\" data-element_type=\"section\">\n\t\t\t\t\t\t<div class=\"elementor-container elementor-column-gap-default\">\n\t\t\t\t\t<div class=\"elementor-column elementor-col-50 elementor-inner-column elementor-element elementor-element-bde1e95\" data-id=\"bde1e95\" data-element_type=\"column\">\n\t\t\t<div class=\"elementor-widget-wrap elementor-element-populated\">\n\t\t\t\t\t\t<div class=\"elementor-element elementor-element-1f62bae elementor-widget elementor-widget-heading\" data-id=\"1f62bae\" data-element_type=\"widget\" data-widget_type=\"heading.default\">\n\t\t\t\t<div class=\"elementor-widget-container\">\n\t\t\t\t\t<h2 class=\"elementor-heading-title elementor-size-large\">Vorausschauende Wartung <\/h2>\t\t\t\t<\/div>\n\t\t\t\t<\/div>\n\t\t\t\t<div class=\"elementor-element elementor-element-e0e14f1 elementor-widget elementor-widget-text-editor\" data-id=\"e0e14f1\" data-element_type=\"widget\" data-widget_type=\"text-editor.default\">\n\t\t\t\t<div class=\"elementor-widget-container\">\n\t\t\t\t\t\t\t\t\t<h4>Stromsensorik im Allgemeinen ist zur \u00dcberwachung von Werkzeugmaschinen und anderen Produktionsanlagen bereits etabliert. Bisherige Systeme m\u00fcssen daf\u00fcr jedoch direkt vor die jeweilige Maschine geschaltet werden und basieren h\u00e4ufig nur auf einer einfachen Schwellwertdetektion. Unsere intelligente L\u00f6sung kann zentral mehrere Anlagen gleichzeitig mit nur einem Sensor \u00fcberwachen. Das erleichtert die Installation und reduziert die Kosten. Unsere KI basierte Software analysiert die typischen Stromkurven und kann anhand von Abweichung fr\u00fchzeitig z.B. defekte Motoren, Lagersch\u00e4den oder elektrische St\u00f6rungen erkennen. Dadurch k\u00f6nnen durch vorausschauende Wartung St\u00f6rungen behoben werden, bevor es zum Totalausfall oder weiteren Sch\u00e4den kommt.<\/h4>\t\t\t\t\t\t\t\t<\/div>\n\t\t\t\t<\/div>\n\t\t\t\t\t<\/div>\n\t\t<\/div>\n\t\t\t\t<div class=\"elementor-column elementor-col-50 elementor-inner-column elementor-element elementor-element-bde1764\" data-id=\"bde1764\" data-element_type=\"column\">\n\t\t\t<div class=\"elementor-widget-wrap elementor-element-populated\">\n\t\t\t\t\t\t<div class=\"elementor-element elementor-element-2a5a545 elementor-widget elementor-widget-image\" data-id=\"2a5a545\" data-element_type=\"widget\" data-widget_type=\"image.default\">\n\t\t\t\t<div class=\"elementor-widget-container\">\n\t\t\t\t\t\t\t\t\t\t\t\t\t\t\t<img decoding=\"async\" width=\"720\" height=\"480\" src=\"https:\/\/physens.de\/wp-content\/uploads\/2021\/02\/klimaanalage_stock-1024x683.jpg\" class=\"attachment-large size-large wp-image-1051\" alt=\"\" srcset=\"https:\/\/physens.de\/wp-content\/uploads\/2021\/02\/klimaanalage_stock-1024x683.jpg 1024w, https:\/\/physens.de\/wp-content\/uploads\/2021\/02\/klimaanalage_stock-300x200.jpg 300w, https:\/\/physens.de\/wp-content\/uploads\/2021\/02\/klimaanalage_stock-768x512.jpg 768w, https:\/\/physens.de\/wp-content\/uploads\/2021\/02\/klimaanalage_stock-1536x1024.jpg 1536w, https:\/\/physens.de\/wp-content\/uploads\/2021\/02\/klimaanalage_stock-2048x1366.jpg 2048w, https:\/\/physens.de\/wp-content\/uploads\/2021\/02\/klimaanalage_stock-272x182.jpg 272w\" sizes=\"(max-width: 720px) 100vw, 720px\" \/>\t\t\t\t\t\t\t\t\t\t\t\t\t\t\t<\/div>\n\t\t\t\t<\/div>\n\t\t\t\t\t<\/div>\n\t\t<\/div>\n\t\t\t\t\t<\/div>\n\t\t<\/section>\n\t\t\t\t<div class=\"elementor-element elementor-element-24eb7cb elementor-widget elementor-widget-text-editor\" data-id=\"24eb7cb\" data-element_type=\"widget\" data-widget_type=\"text-editor.default\">\n\t\t\t\t<div class=\"elementor-widget-container\">\n\t\t\t\t\t\t\t\t\t<h4>Zur Erweiterung bietet wir unter anderem Vibrations-, Temperatur- und Spannungssensoren an, die direkt in das System integriert werden k\u00f6nnen. Abh\u00e4ngig von den Anforderungen k\u00f6nnen auch bestehende Sensorsystem angebunden oder die Messdaten automatisch weitergeleitet werden. Zur weiteren Beratung und f\u00fcr ein individuelles Angebot stehen wir Ihnen gerne zur <a style=\"font-family: 'Helvetica Neue', Helvetica, Arial, 'Lucida Grande', sans-serif; font-size: 18.2px; font-style: normal; font-weight: 500;\" href=\"https:\/\/physens.de\/index.php\/kontakt\/\" target=\"_blank\" rel=\"noopener\">Verf\u00fcgung.<\/a><\/h4>\t\t\t\t\t\t\t\t<\/div>\n\t\t\t\t<\/div>\n\t\t\t\t\t<\/div>\n\t\t<\/div>\n\t\t\t\t\t<\/div>\n\t\t<\/section>\n\t\t\t\t<section class=\"elementor-section elementor-top-section elementor-element elementor-element-b82913c elementor-section-stretched elementor-section-boxed elementor-section-height-default elementor-section-height-default\" data-id=\"b82913c\" data-element_type=\"section\" data-settings=\"{&quot;stretch_section&quot;:&quot;section-stretched&quot;,&quot;background_background&quot;:&quot;classic&quot;}\">\n\t\t\t\t\t\t<div class=\"elementor-container elementor-column-gap-default\">\n\t\t\t\t\t<div class=\"elementor-column elementor-col-100 elementor-top-column elementor-element elementor-element-6024623\" data-id=\"6024623\" data-element_type=\"column\">\n\t\t\t<div class=\"elementor-widget-wrap elementor-element-populated\">\n\t\t\t\t\t\t<div class=\"elementor-element elementor-element-5df0cd0 elementor-hidden-phone elementor-widget elementor-widget-spacer\" data-id=\"5df0cd0\" data-element_type=\"widget\" data-widget_type=\"spacer.default\">\n\t\t\t\t<div class=\"elementor-widget-container\">\n\t\t\t\t\t\t\t<div class=\"elementor-spacer\">\n\t\t\t<div class=\"elementor-spacer-inner\"><\/div>\n\t\t<\/div>\n\t\t\t\t\t\t<\/div>\n\t\t\t\t<\/div>\n\t\t\t\t\t<\/div>\n\t\t<\/div>\n\t\t\t\t\t<\/div>\n\t\t<\/section>\n\t\t\t\t<\/div>\n\t\t","protected":false},"excerpt":{"rendered":"<p>Magnetische Stromsensorik\u200b Von Beleuchtung, Produktionsanlagen oder intelligentem Lastmanagement wird Geb\u00e4ude- und Anlagentechnik besonders im Rahmen der Automatisierung und Digitalisierung immer komplexer. Die zunehmende Bedeutung dieser Anlagen f\u00fchrt zu entsprechenden Anforderungen and die Verf\u00fcgbarkeit. Daf\u00fcr bedarf es neuer intelligenter L\u00f6sungen zur vorausschauenden Wartung, Fehlersuche und Verbrauchsoptimierung.\u00a0 Flexible Komplettl\u00f6sung Wir bieten dazu eine Komplettl\u00f6sung basierend auf einer [&hellip;]<\/p>\n","protected":false},"author":1,"featured_media":0,"parent":0,"menu_order":0,"comment_status":"closed","ping_status":"closed","template":"","meta":{"footnotes":""},"class_list":["post-63","page","type-page","status-publish","hentry","post"],"_links":{"self":[{"href":"https:\/\/physens.de\/index.php\/wp-json\/wp\/v2\/pages\/63","targetHints":{"allow":["GET"]}}],"collection":[{"href":"https:\/\/physens.de\/index.php\/wp-json\/wp\/v2\/pages"}],"about":[{"href":"https:\/\/physens.de\/index.php\/wp-json\/wp\/v2\/types\/page"}],"author":[{"embeddable":true,"href":"https:\/\/physens.de\/index.php\/wp-json\/wp\/v2\/users\/1"}],"replies":[{"embeddable":true,"href":"https:\/\/physens.de\/index.php\/wp-json\/wp\/v2\/comments?post=63"}],"version-history":[{"count":128,"href":"https:\/\/physens.de\/index.php\/wp-json\/wp\/v2\/pages\/63\/revisions"}],"predecessor-version":[{"id":2121,"href":"https:\/\/physens.de\/index.php\/wp-json\/wp\/v2\/pages\/63\/revisions\/2121"}],"wp:attachment":[{"href":"https:\/\/physens.de\/index.php\/wp-json\/wp\/v2\/media?parent=63"}],"curies":[{"name":"wp","href":"https:\/\/api.w.org\/{rel}","templated":true}]}}